{"id":311,"date":"2025-07-15T15:54:33","date_gmt":"2025-07-15T18:54:33","guid":{"rendered":"https:\/\/biomax.cl\/?post_type=product&#038;p=311"},"modified":"2025-09-05T11:32:23","modified_gmt":"2025-09-05T14:32:23","slug":"eco-scent-control-de-olores","status":"publish","type":"product","link":"https:\/\/biomax.cl\/?product=eco-scent-control-de-olores","title":{"rendered":"ECO SCENT \u2013 CONTROL DE OLORES"},"content":{"rendered":"<p>Eco-scent controla olores, es un producto biodegradable m\u00e1s seguro que los productos qu\u00edmicos. Ideal para los usos residenciales y comerciales donde existe una preocupaci\u00f3n por los desagradables olores. Puede ser utilizado en una botella de spray en el aire alrededor o directamente en las fuentes causantes del mal olor. Se puede utilizar en las cocinas de restaurantes, basureros, \u00e1reas de animales dom\u00e9sticos, autos y cualquier \u00e1rea donde se perciban malos olores.<\/p>\n","protected":false},"excerpt":{"rendered":"<p>Especialmente formulado y empaquetado para una f\u00e1cil aplicaci\u00f3n directamente en las \u00e1reas de inodoro, eliminando los malos olores y dejando una limpia y fresca fragancia.<\/p>\n","protected":false},"featured_media":312,"comment_status":"open","ping_status":"closed","template":"","meta":{"_acf_changed":false,"_et_pb_use_builder":"","_et_pb_old_content":"","_et_gb_content_width":"","_joinchat":[]},"product_brand":[],"product_cat":[17,59,39,80,82,41],"product_tag":[],"class_list":{"0":"post-311","1":"product","2":"type-product","3":"status-publish","4":"has-post-thumbnail","6":"product_cat-sin-categoria","7":"product_cat-olores","8":"product_cat-restaurantes-hoteles-casinos","9":"product_cat-todos-restaurantes-hoteles-casinos","10":"product_cat-todos-tratamiento-de-riles","11":"product_cat-tratamiento-de-riles","13":"first","14":"instock","15":"shipping-taxable","16":"product-type-simple"},"acf":[],"_links":{"self":[{"href":"https:\/\/biomax.cl\/index.php?rest_route=\/wp\/v2\/product\/311","targetHints":{"allow":["GET"]}}],"collection":[{"href":"https:\/\/biomax.cl\/index.php?rest_route=\/wp\/v2\/product"}],"about":[{"href":"https:\/\/biomax.cl\/index.php?rest_route=\/wp\/v2\/types\/product"}],"replies":[{"embeddable":true,"href":"https:\/\/biomax.cl\/index.php?rest_route=%2Fwp%2Fv2%2Fcomments&post=311"}],"wp:featuredmedia":[{"embeddable":true,"href":"https:\/\/biomax.cl\/index.php?rest_route=\/wp\/v2\/media\/312"}],"wp:attachment":[{"href":"https:\/\/biomax.cl\/index.php?rest_route=%2Fwp%2Fv2%2Fmedia&parent=311"}],"wp:term":[{"taxonomy":"product_brand","embeddable":true,"href":"https:\/\/biomax.cl\/index.php?rest_route=%2Fwp%2Fv2%2Fproduct_brand&post=311"},{"taxonomy":"product_cat","embeddable":true,"href":"https:\/\/biomax.cl\/index.php?rest_route=%2Fwp%2Fv2%2Fproduct_cat&post=311"},{"taxonomy":"product_tag","embeddable":true,"href":"https:\/\/biomax.cl\/index.php?rest_route=%2Fwp%2Fv2%2Fproduct_tag&post=311"}],"curies":[{"name":"wp","href":"https:\/\/api.w.org\/{rel}","templated":true}]}}