{"id":215,"date":"2025-07-01T17:44:04","date_gmt":"2025-07-01T20:44:04","guid":{"rendered":"https:\/\/biomax.cl\/?post_type=product&#038;p=215"},"modified":"2025-09-05T11:14:39","modified_gmt":"2025-09-05T14:14:39","slug":"biobloc22-mantenimiento-de-estanques-aceitosos","status":"publish","type":"product","link":"https:\/\/biomax.cl\/?product=biobloc22-mantenimiento-de-estanques-aceitosos","title":{"rendered":"BIOBLOC22 \u2013 Mantenimiento de Estanques Aceitosos"},"content":{"rendered":"<p>El tratamiento con BIOBLOC22 puede mantener limpias las plataformas flotantes, disminuir los problemas resultantes de la acumulaci\u00f3n de grasa, prevenir las obstrucciones de emergencia. Elimina flujos excesivamente r\u00e1pidos y fuertes en la l\u00ednea, disminuye los costos por eliminaci\u00f3n de grasa y los malos olores.<\/p>\n","protected":false},"excerpt":{"rendered":"<p>BIOBLOC 22 contiene penetrantes y surfactantes especiales, los que sueltan y licuan los dep\u00f3sitos espesos de grasa, y por lo mismo ayudan en su biodegradaci\u00f3n,<\/p>\n","protected":false},"featured_media":304,"comment_status":"open","ping_status":"closed","template":"","meta":{"_acf_changed":false,"_et_pb_use_builder":"","_et_pb_old_content":"","_et_gb_content_width":"","_joinchat":[]},"product_brand":[],"product_cat":[17,69,58,37,39,40,78,80,82,81,41],"product_tag":[],"class_list":{"0":"post-215","1":"product","2":"type-product","3":"status-publish","4":"has-post-thumbnail","6":"product_cat-sin-categoria","7":"product_cat-grasa","8":"product_cat-grasas","9":"product_cat-plantas-de-tratamiento","10":"product_cat-restaurantes-hoteles-casinos","11":"product_cat-sanitizacion","12":"product_cat-todos-plantas-de-tratamiento","13":"product_cat-todos-restaurantes-hoteles-casinos","14":"product_cat-todos-tratamiento-de-riles","15":"product_cat-todos-sanitizacion","16":"product_cat-tratamiento-de-riles","18":"first","19":"instock","20":"shipping-taxable","21":"product-type-simple"},"acf":[],"_links":{"self":[{"href":"https:\/\/biomax.cl\/index.php?rest_route=\/wp\/v2\/product\/215","targetHints":{"allow":["GET"]}}],"collection":[{"href":"https:\/\/biomax.cl\/index.php?rest_route=\/wp\/v2\/product"}],"about":[{"href":"https:\/\/biomax.cl\/index.php?rest_route=\/wp\/v2\/types\/product"}],"replies":[{"embeddable":true,"href":"https:\/\/biomax.cl\/index.php?rest_route=%2Fwp%2Fv2%2Fcomments&post=215"}],"wp:featuredmedia":[{"embeddable":true,"href":"https:\/\/biomax.cl\/index.php?rest_route=\/wp\/v2\/media\/304"}],"wp:attachment":[{"href":"https:\/\/biomax.cl\/index.php?rest_route=%2Fwp%2Fv2%2Fmedia&parent=215"}],"wp:term":[{"taxonomy":"product_brand","embeddable":true,"href":"https:\/\/biomax.cl\/index.php?rest_route=%2Fwp%2Fv2%2Fproduct_brand&post=215"},{"taxonomy":"product_cat","embeddable":true,"href":"https:\/\/biomax.cl\/index.php?rest_route=%2Fwp%2Fv2%2Fproduct_cat&post=215"},{"taxonomy":"product_tag","embeddable":true,"href":"https:\/\/biomax.cl\/index.php?rest_route=%2Fwp%2Fv2%2Fproduct_tag&post=215"}],"curies":[{"name":"wp","href":"https:\/\/api.w.org\/{rel}","templated":true}]}}