{"id":211,"date":"2025-07-01T17:36:08","date_gmt":"2025-07-01T20:36:08","guid":{"rendered":"https:\/\/biomax.cl\/?post_type=product&#038;p=211"},"modified":"2025-09-05T11:25:35","modified_gmt":"2025-09-05T14:25:35","slug":"gtc-3x-microorganismos-aerobicos-y-facultativos-anaerobicos","status":"publish","type":"product","link":"https:\/\/biomax.cl\/?product=gtc-3x-microorganismos-aerobicos-y-facultativos-anaerobicos","title":{"rendered":"GTC 3X \u2013 Microorganismos Aer\u00f3bicos y Facultativos Anaer\u00f3bicos"},"content":{"rendered":"<p>Estos microorganismos son aer\u00f3bicos y facultativos anaer\u00f3bicos que pueden prosperar en m\u00faltiples condiciones dentro de las trampas de grasas, logrando as\u00ed un fuerte aumento en la eficiencia del sistema, reduciendo los bloques y su consecuente emanaci\u00f3n de malos olores.<\/p>\n","protected":false},"excerpt":{"rendered":"<p>Producto para tratamiento para c\u00e1maras de grasas formulado con microorganismos de ocurrencia natural altamente adaptado y alto desempe\u00f1o.<\/p>\n","protected":false},"featured_media":307,"comment_status":"open","ping_status":"closed","template":"","meta":{"_acf_changed":false,"_et_pb_use_builder":"","_et_pb_old_content":"","_et_gb_content_width":"","_joinchat":[]},"product_brand":[],"product_cat":[17,58,69,37,39,40,78,80,82,81,41],"product_tag":[],"class_list":{"0":"post-211","1":"product","2":"type-product","3":"status-publish","4":"has-post-thumbnail","6":"product_cat-sin-categoria","7":"product_cat-grasas","8":"product_cat-grasa","9":"product_cat-plantas-de-tratamiento","10":"product_cat-restaurantes-hoteles-casinos","11":"product_cat-sanitizacion","12":"product_cat-todos-plantas-de-tratamiento","13":"product_cat-todos-restaurantes-hoteles-casinos","14":"product_cat-todos-tratamiento-de-riles","15":"product_cat-todos-sanitizacion","16":"product_cat-tratamiento-de-riles","18":"first","19":"instock","20":"shipping-taxable","21":"product-type-simple"},"acf":[],"_links":{"self":[{"href":"https:\/\/biomax.cl\/index.php?rest_route=\/wp\/v2\/product\/211","targetHints":{"allow":["GET"]}}],"collection":[{"href":"https:\/\/biomax.cl\/index.php?rest_route=\/wp\/v2\/product"}],"about":[{"href":"https:\/\/biomax.cl\/index.php?rest_route=\/wp\/v2\/types\/product"}],"replies":[{"embeddable":true,"href":"https:\/\/biomax.cl\/index.php?rest_route=%2Fwp%2Fv2%2Fcomments&post=211"}],"wp:featuredmedia":[{"embeddable":true,"href":"https:\/\/biomax.cl\/index.php?rest_route=\/wp\/v2\/media\/307"}],"wp:attachment":[{"href":"https:\/\/biomax.cl\/index.php?rest_route=%2Fwp%2Fv2%2Fmedia&parent=211"}],"wp:term":[{"taxonomy":"product_brand","embeddable":true,"href":"https:\/\/biomax.cl\/index.php?rest_route=%2Fwp%2Fv2%2Fproduct_brand&post=211"},{"taxonomy":"product_cat","embeddable":true,"href":"https:\/\/biomax.cl\/index.php?rest_route=%2Fwp%2Fv2%2Fproduct_cat&post=211"},{"taxonomy":"product_tag","embeddable":true,"href":"https:\/\/biomax.cl\/index.php?rest_route=%2Fwp%2Fv2%2Fproduct_tag&post=211"}],"curies":[{"name":"wp","href":"https:\/\/api.w.org\/{rel}","templated":true}]}}